{"id":94502,"date":"2026-04-10T00:01:47","date_gmt":"2026-04-09T21:01:47","guid":{"rendered":"https:\/\/rezekne.citro.lv\/veikals\/desa-auksti-kupinata-ar-trifelu-garsu-sk-80g\/"},"modified":"2026-04-20T06:00:37","modified_gmt":"2026-04-20T03:00:37","slug":"desa-auksti-kupinata-ar-trifelu-garsu-sk-80g","status":"publish","type":"product","link":"https:\/\/rezekne.citro.lv\/ru\/product\/desa-auksti-kupinata-ar-trifelu-garsu-sk-80g\/","title":{"rendered":"DESA AUKSTI K\u016aPIN\u0100TA AR TRIFE\u013bU GAR\u0160U \u0160\u0136. 80G"},"content":{"rendered":"<p>Izcelsmes valsts: Latvija<\/p>\n","protected":false},"excerpt":{"rendered":"<p>19.38 \u20ac\/KG<\/p>\n","protected":false},"featured_media":0,"template":"","meta":{"_acf_changed":false,"inline_featured_image":false},"product_cat":[135,178],"product_tag":[],"acf":[],"aioseo_notices":[],"_links":{"self":[{"href":"https:\/\/rezekne.citro.lv\/ru\/wp-json\/wp\/v2\/product\/94502"}],"collection":[{"href":"https:\/\/rezekne.citro.lv\/ru\/wp-json\/wp\/v2\/product"}],"about":[{"href":"https:\/\/rezekne.citro.lv\/ru\/wp-json\/wp\/v2\/types\/product"}],"wp:attachment":[{"href":"https:\/\/rezekne.citro.lv\/ru\/wp-json\/wp\/v2\/media?parent=94502"}],"wp:term":[{"taxonomy":"product_cat","embeddable":true,"href":"https:\/\/rezekne.citro.lv\/ru\/wp-json\/wp\/v2\/product_cat?post=94502"},{"taxonomy":"product_tag","embeddable":true,"href":"https:\/\/rezekne.citro.lv\/ru\/wp-json\/wp\/v2\/product_tag?post=94502"}],"curies":[{"name":"wp","href":"https:\/\/api.w.org\/{rel}","templated":true}]}}