{"id":94503,"date":"2026-04-23T00:03:38","date_gmt":"2026-04-22T21:03:38","guid":{"rendered":"https:\/\/rezekne.citro.lv\/veikals\/kotletes-ar-calu-galu-ceptas-400g-forevers\/"},"modified":"2026-04-25T06:00:42","modified_gmt":"2026-04-25T03:00:42","slug":"kotletes-ar-calu-galu-ceptas-400g-forevers","status":"publish","type":"product","link":"https:\/\/rezekne.citro.lv\/ru\/product\/kotletes-ar-calu-galu-ceptas-400g-forevers\/","title":{"rendered":"KOTLETES AR C\u0100\u013bU GA\u013bU CEPTAS 400G FOREVERS"},"content":{"rendered":"<p>Izcelsmes valsts: Latvija<\/p>\n","protected":false},"excerpt":{"rendered":"<p>7.48 \u20ac\/KG<\/p>\n","protected":false},"featured_media":0,"template":"","meta":{"_acf_changed":false,"inline_featured_image":false},"product_cat":[135,174],"product_tag":[],"acf":[],"aioseo_notices":[],"_links":{"self":[{"href":"https:\/\/rezekne.citro.lv\/ru\/wp-json\/wp\/v2\/product\/94503"}],"collection":[{"href":"https:\/\/rezekne.citro.lv\/ru\/wp-json\/wp\/v2\/product"}],"about":[{"href":"https:\/\/rezekne.citro.lv\/ru\/wp-json\/wp\/v2\/types\/product"}],"wp:attachment":[{"href":"https:\/\/rezekne.citro.lv\/ru\/wp-json\/wp\/v2\/media?parent=94503"}],"wp:term":[{"taxonomy":"product_cat","embeddable":true,"href":"https:\/\/rezekne.citro.lv\/ru\/wp-json\/wp\/v2\/product_cat?post=94503"},{"taxonomy":"product_tag","embeddable":true,"href":"https:\/\/rezekne.citro.lv\/ru\/wp-json\/wp\/v2\/product_tag?post=94503"}],"curies":[{"name":"wp","href":"https:\/\/api.w.org\/{rel}","templated":true}]}}