{"id":94510,"date":"2026-04-23T00:17:32","date_gmt":"2026-04-22T21:17:32","guid":{"rendered":"https:\/\/rezekne.citro.lv\/veikals\/maize-saldskaba-garda-550g-fazer\/"},"modified":"2026-04-23T00:17:40","modified_gmt":"2026-04-22T21:17:40","slug":"maize-saldskaba-garda-550g-fazer","status":"publish","type":"product","link":"https:\/\/rezekne.citro.lv\/ru\/product\/maize-saldskaba-garda-550g-fazer\/","title":{"rendered":"MAIZE SALDSK\u0100B\u0100 GARD\u0100 550G FAZER"},"content":{"rendered":"<p>Izcelsmes valsts: Latvija<\/p>\n","protected":false},"excerpt":{"rendered":"<p>3.62 \u20ac\/KG<\/p>\n","protected":false},"featured_media":0,"template":"","meta":{"_acf_changed":false,"inline_featured_image":false},"product_cat":[215,216],"product_tag":[],"acf":[],"aioseo_notices":[],"_links":{"self":[{"href":"https:\/\/rezekne.citro.lv\/ru\/wp-json\/wp\/v2\/product\/94510"}],"collection":[{"href":"https:\/\/rezekne.citro.lv\/ru\/wp-json\/wp\/v2\/product"}],"about":[{"href":"https:\/\/rezekne.citro.lv\/ru\/wp-json\/wp\/v2\/types\/product"}],"wp:attachment":[{"href":"https:\/\/rezekne.citro.lv\/ru\/wp-json\/wp\/v2\/media?parent=94510"}],"wp:term":[{"taxonomy":"product_cat","embeddable":true,"href":"https:\/\/rezekne.citro.lv\/ru\/wp-json\/wp\/v2\/product_cat?post=94510"},{"taxonomy":"product_tag","embeddable":true,"href":"https:\/\/rezekne.citro.lv\/ru\/wp-json\/wp\/v2\/product_tag?post=94510"}],"curies":[{"name":"wp","href":"https:\/\/api.w.org\/{rel}","templated":true}]}}