{"id":94512,"date":"2026-04-10T00:02:00","date_gmt":"2026-04-09T21:02:00","guid":{"rendered":"https:\/\/rezekne.citro.lv\/veikals\/maize-salda-ar-kondenseto-pienu-apalitis-400g\/"},"modified":"2026-04-13T06:02:10","modified_gmt":"2026-04-13T03:02:10","slug":"maize-salda-ar-kondenseto-pienu-apalitis-400g","status":"publish","type":"product","link":"https:\/\/rezekne.citro.lv\/ru\/product\/maize-salda-ar-kondenseto-pienu-apalitis-400g\/","title":{"rendered":"MAIZE SALD\u0100 AR KONDENS\u0112TO PIENU APAL\u012aTIS 400G"},"content":{"rendered":"<p>Izcelsmes valsts: Latvija<\/p>\n","protected":false},"excerpt":{"rendered":"<p>3.23 \u20ac\/KG<\/p>\n","protected":false},"featured_media":0,"template":"","meta":{"_acf_changed":false,"inline_featured_image":false},"product_cat":[215,216],"product_tag":[],"acf":[],"aioseo_notices":[],"_links":{"self":[{"href":"https:\/\/rezekne.citro.lv\/ru\/wp-json\/wp\/v2\/product\/94512"}],"collection":[{"href":"https:\/\/rezekne.citro.lv\/ru\/wp-json\/wp\/v2\/product"}],"about":[{"href":"https:\/\/rezekne.citro.lv\/ru\/wp-json\/wp\/v2\/types\/product"}],"wp:attachment":[{"href":"https:\/\/rezekne.citro.lv\/ru\/wp-json\/wp\/v2\/media?parent=94512"}],"wp:term":[{"taxonomy":"product_cat","embeddable":true,"href":"https:\/\/rezekne.citro.lv\/ru\/wp-json\/wp\/v2\/product_cat?post=94512"},{"taxonomy":"product_tag","embeddable":true,"href":"https:\/\/rezekne.citro.lv\/ru\/wp-json\/wp\/v2\/product_tag?post=94512"}],"curies":[{"name":"wp","href":"https:\/\/api.w.org\/{rel}","templated":true}]}}