{"id":94561,"date":"2026-04-23T00:18:13","date_gmt":"2026-04-22T21:18:13","guid":{"rendered":"https:\/\/rezekne.citro.lv\/veikals\/calu-kajinas-swetsour-marinade-800g\/"},"modified":"2026-04-24T06:02:12","modified_gmt":"2026-04-24T03:02:12","slug":"calu-kajinas-swetsour-marinade-800g","status":"publish","type":"product","link":"https:\/\/rezekne.citro.lv\/ru\/product\/calu-kajinas-swetsour-marinade-800g\/","title":{"rendered":"C\u0100\u013bU K\u0100JI\u0145AS SWET&#038;SOUR MARIN\u0100D\u0112 800G"},"content":{"rendered":"<p>Izcelsmes valsts: Latvija<\/p>\n","protected":false},"excerpt":{"rendered":"<p>4.86 \u20ac\/KG<\/p>\n","protected":false},"featured_media":0,"template":"","meta":{"_acf_changed":false,"inline_featured_image":false},"product_cat":[135,182],"product_tag":[],"acf":[],"aioseo_notices":[],"_links":{"self":[{"href":"https:\/\/rezekne.citro.lv\/ru\/wp-json\/wp\/v2\/product\/94561"}],"collection":[{"href":"https:\/\/rezekne.citro.lv\/ru\/wp-json\/wp\/v2\/product"}],"about":[{"href":"https:\/\/rezekne.citro.lv\/ru\/wp-json\/wp\/v2\/types\/product"}],"wp:attachment":[{"href":"https:\/\/rezekne.citro.lv\/ru\/wp-json\/wp\/v2\/media?parent=94561"}],"wp:term":[{"taxonomy":"product_cat","embeddable":true,"href":"https:\/\/rezekne.citro.lv\/ru\/wp-json\/wp\/v2\/product_cat?post=94561"},{"taxonomy":"product_tag","embeddable":true,"href":"https:\/\/rezekne.citro.lv\/ru\/wp-json\/wp\/v2\/product_tag?post=94561"}],"curies":[{"name":"wp","href":"https:\/\/api.w.org\/{rel}","templated":true}]}}