{"id":94565,"date":"2026-04-23T00:18:39","date_gmt":"2026-04-22T21:18:39","guid":{"rendered":"https:\/\/rezekne.citro.lv\/veikals\/sokolades-tafele-milka-daim-90g\/"},"modified":"2026-04-23T00:18:40","modified_gmt":"2026-04-22T21:18:40","slug":"sokolades-tafele-milka-daim-90g","status":"publish","type":"product","link":"https:\/\/rezekne.citro.lv\/ru\/product\/sokolades-tafele-milka-daim-90g\/","title":{"rendered":"\u0160OKOL\u0100DES T\u0100FELE MILKA DAIM 90G"},"content":{"rendered":"<p>Izcelsmes valsts: V\u0101cija<\/p>\n","protected":false},"excerpt":{"rendered":"<p>18.78 \u20ac\/KG<\/p>\n","protected":false},"featured_media":0,"template":"","meta":{"_acf_changed":false,"inline_featured_image":false},"product_cat":[125,134],"product_tag":[],"acf":[],"aioseo_notices":[],"_links":{"self":[{"href":"https:\/\/rezekne.citro.lv\/ru\/wp-json\/wp\/v2\/product\/94565"}],"collection":[{"href":"https:\/\/rezekne.citro.lv\/ru\/wp-json\/wp\/v2\/product"}],"about":[{"href":"https:\/\/rezekne.citro.lv\/ru\/wp-json\/wp\/v2\/types\/product"}],"wp:attachment":[{"href":"https:\/\/rezekne.citro.lv\/ru\/wp-json\/wp\/v2\/media?parent=94565"}],"wp:term":[{"taxonomy":"product_cat","embeddable":true,"href":"https:\/\/rezekne.citro.lv\/ru\/wp-json\/wp\/v2\/product_cat?post=94565"},{"taxonomy":"product_tag","embeddable":true,"href":"https:\/\/rezekne.citro.lv\/ru\/wp-json\/wp\/v2\/product_tag?post=94565"}],"curies":[{"name":"wp","href":"https:\/\/api.w.org\/{rel}","templated":true}]}}