{"id":94567,"date":"2026-05-07T00:03:30","date_gmt":"2026-05-06T21:03:30","guid":{"rendered":"https:\/\/rezekne.citro.lv\/veikals\/pussparni-gailenu-marinade-500g-kekavaspf\/"},"modified":"2026-05-09T06:02:57","modified_gmt":"2026-05-09T03:02:57","slug":"pussparni-gailenu-marinade-500g-kekavaspf","status":"publish","type":"product","link":"https:\/\/rezekne.citro.lv\/ru\/product\/pussparni-gailenu-marinade-500g-kekavaspf\/","title":{"rendered":"PUSSP\u0100RNI GAILE\u0145U MARIN\u0100D\u0112 500G  \u0136EKAVASPF"},"content":{"rendered":"<p>Izcelsmes valsts: Latvija<\/p>\n","protected":false},"excerpt":{"rendered":"<p>5.98 \u20ac\/KG<\/p>\n","protected":false},"featured_media":0,"template":"","meta":{"_acf_changed":false,"inline_featured_image":false},"product_cat":[135,182],"product_tag":[],"acf":[],"aioseo_notices":[],"_links":{"self":[{"href":"https:\/\/rezekne.citro.lv\/ru\/wp-json\/wp\/v2\/product\/94567"}],"collection":[{"href":"https:\/\/rezekne.citro.lv\/ru\/wp-json\/wp\/v2\/product"}],"about":[{"href":"https:\/\/rezekne.citro.lv\/ru\/wp-json\/wp\/v2\/types\/product"}],"wp:attachment":[{"href":"https:\/\/rezekne.citro.lv\/ru\/wp-json\/wp\/v2\/media?parent=94567"}],"wp:term":[{"taxonomy":"product_cat","embeddable":true,"href":"https:\/\/rezekne.citro.lv\/ru\/wp-json\/wp\/v2\/product_cat?post=94567"},{"taxonomy":"product_tag","embeddable":true,"href":"https:\/\/rezekne.citro.lv\/ru\/wp-json\/wp\/v2\/product_tag?post=94567"}],"curies":[{"name":"wp","href":"https:\/\/api.w.org\/{rel}","templated":true}]}}