{"id":94568,"date":"2026-04-23T00:18:39","date_gmt":"2026-04-22T21:18:39","guid":{"rendered":"https:\/\/rezekne.citro.lv\/veikals\/pudins-alma-ar-citronu-siera-kukas-garsu-230g-valio\/"},"modified":"2026-04-24T06:02:25","modified_gmt":"2026-04-24T03:02:25","slug":"pudins-alma-ar-citronu-siera-kukas-garsu-230g-valio","status":"publish","type":"product","link":"https:\/\/rezekne.citro.lv\/ru\/product\/pudins-alma-ar-citronu-siera-kukas-garsu-230g-valio\/","title":{"rendered":"PUDI\u0145\u0160 ALMA AR CITRONU SIERA K\u016aKAS GAR\u0160U 230G VALIO"},"content":{"rendered":"<p>Izcelsmes valsts: Igaunija<\/p>\n","protected":false},"excerpt":{"rendered":"<p>3.43 \u20ac\/KG<\/p>\n","protected":false},"featured_media":0,"template":"","meta":{"_acf_changed":false,"inline_featured_image":false},"product_cat":[95,188],"product_tag":[],"acf":[],"aioseo_notices":[],"_links":{"self":[{"href":"https:\/\/rezekne.citro.lv\/ru\/wp-json\/wp\/v2\/product\/94568"}],"collection":[{"href":"https:\/\/rezekne.citro.lv\/ru\/wp-json\/wp\/v2\/product"}],"about":[{"href":"https:\/\/rezekne.citro.lv\/ru\/wp-json\/wp\/v2\/types\/product"}],"wp:attachment":[{"href":"https:\/\/rezekne.citro.lv\/ru\/wp-json\/wp\/v2\/media?parent=94568"}],"wp:term":[{"taxonomy":"product_cat","embeddable":true,"href":"https:\/\/rezekne.citro.lv\/ru\/wp-json\/wp\/v2\/product_cat?post=94568"},{"taxonomy":"product_tag","embeddable":true,"href":"https:\/\/rezekne.citro.lv\/ru\/wp-json\/wp\/v2\/product_tag?post=94568"}],"curies":[{"name":"wp","href":"https:\/\/api.w.org\/{rel}","templated":true}]}}