{"id":94608,"date":"2026-04-29T00:04:17","date_gmt":"2026-04-28T21:04:17","guid":{"rendered":"https:\/\/rezekne.citro.lv\/veikals\/kafija-skistosa-jacobs-cappuccino-dubai-chocolate-8x12g-120g\/"},"modified":"2026-04-29T00:04:24","modified_gmt":"2026-04-28T21:04:24","slug":"kafija-skistosa-jacobs-cappuccino-dubai-chocolate-8x12g-120g","status":"publish","type":"product","link":"https:\/\/rezekne.citro.lv\/ru\/product\/kafija-skistosa-jacobs-cappuccino-dubai-chocolate-8x12g-120g\/","title":{"rendered":"KAFIJA \u0160\u0136\u012aSTO\u0160A JACOBS CAPPUCCINO DUBAI CHOCOLATE 8X12G 120G"},"content":{"rendered":"<p>Izcelsmes valsts: \u010cehija<\/p>\n","protected":false},"excerpt":{"rendered":"<p>19.92 \u20ac\/KG<\/p>\n","protected":false},"featured_media":0,"template":"","meta":{"_acf_changed":false,"inline_featured_image":false},"product_cat":[142,179],"product_tag":[],"acf":[],"aioseo_notices":[],"_links":{"self":[{"href":"https:\/\/rezekne.citro.lv\/ru\/wp-json\/wp\/v2\/product\/94608"}],"collection":[{"href":"https:\/\/rezekne.citro.lv\/ru\/wp-json\/wp\/v2\/product"}],"about":[{"href":"https:\/\/rezekne.citro.lv\/ru\/wp-json\/wp\/v2\/types\/product"}],"wp:attachment":[{"href":"https:\/\/rezekne.citro.lv\/ru\/wp-json\/wp\/v2\/media?parent=94608"}],"wp:term":[{"taxonomy":"product_cat","embeddable":true,"href":"https:\/\/rezekne.citro.lv\/ru\/wp-json\/wp\/v2\/product_cat?post=94608"},{"taxonomy":"product_tag","embeddable":true,"href":"https:\/\/rezekne.citro.lv\/ru\/wp-json\/wp\/v2\/product_tag?post=94608"}],"curies":[{"name":"wp","href":"https:\/\/api.w.org\/{rel}","templated":true}]}}