{"id":94630,"date":"2026-05-07T00:03:37","date_gmt":"2026-05-06T21:03:37","guid":{"rendered":"https:\/\/rezekne.citro.lv\/veikals\/midijas-zilas-kiploku-sviesta-merce-sagat-sald-454g\/"},"modified":"2026-05-08T06:02:47","modified_gmt":"2026-05-08T03:02:47","slug":"midijas-zilas-kiploku-sviesta-merce-sagat-sald-454g","status":"publish","type":"product","link":"https:\/\/rezekne.citro.lv\/ru\/product\/midijas-zilas-kiploku-sviesta-merce-sagat-sald-454g\/","title":{"rendered":"M\u012aDIJAS ZILAS \u0136IPLOKU SVIESTA M\u0112RC\u0112 SAGAT.SALD.454G"},"content":{"rendered":"<p>Izcelsmes valsts: \u010c\u012ble<\/p>\n","protected":false},"excerpt":{"rendered":"<p>5.70 \u20ac\/KG<\/p>\n","protected":false},"featured_media":0,"template":"","meta":{"_acf_changed":false,"inline_featured_image":false},"product_cat":[231,232],"product_tag":[],"acf":[],"aioseo_notices":[],"_links":{"self":[{"href":"https:\/\/rezekne.citro.lv\/ru\/wp-json\/wp\/v2\/product\/94630"}],"collection":[{"href":"https:\/\/rezekne.citro.lv\/ru\/wp-json\/wp\/v2\/product"}],"about":[{"href":"https:\/\/rezekne.citro.lv\/ru\/wp-json\/wp\/v2\/types\/product"}],"wp:attachment":[{"href":"https:\/\/rezekne.citro.lv\/ru\/wp-json\/wp\/v2\/media?parent=94630"}],"wp:term":[{"taxonomy":"product_cat","embeddable":true,"href":"https:\/\/rezekne.citro.lv\/ru\/wp-json\/wp\/v2\/product_cat?post=94630"},{"taxonomy":"product_tag","embeddable":true,"href":"https:\/\/rezekne.citro.lv\/ru\/wp-json\/wp\/v2\/product_tag?post=94630"}],"curies":[{"name":"wp","href":"https:\/\/api.w.org\/{rel}","templated":true}]}}