{"id":94634,"date":"2026-05-07T00:03:37","date_gmt":"2026-05-06T21:03:37","guid":{"rendered":"https:\/\/rezekne.citro.lv\/veikals\/saldejums-mr-big-putukr-zemenu-ievar-piena-sokol-gab-vefelu-konusa-165ml-94g\/"},"modified":"2026-05-12T06:02:10","modified_gmt":"2026-05-12T03:02:10","slug":"saldejums-mr-big-putukr-zemenu-ievar-piena-sokol-gab-vefelu-konusa-165ml-94g","status":"publish","type":"product","link":"https:\/\/rezekne.citro.lv\/ru\/product\/saldejums-mr-big-putukr-zemenu-ievar-piena-sokol-gab-vefelu-konusa-165ml-94g\/","title":{"rendered":"SALD\u0112JUMS MR.BIG PUTUKR.ZEME\u0145U IEV\u0100R.,PIENA \u0160OKOL.GAB.VEFE\u013bU KONUS\u0100 165ML\/94G"},"content":{"rendered":"<p>Izcelsmes valsts: Igaunija<\/p>\n","protected":false},"excerpt":{"rendered":"<p>11.60 \u20ac\/KG<\/p>\n","protected":false},"featured_media":0,"template":"","meta":{"_acf_changed":false,"inline_featured_image":false},"product_cat":[233,234],"product_tag":[],"acf":[],"aioseo_notices":[],"_links":{"self":[{"href":"https:\/\/rezekne.citro.lv\/ru\/wp-json\/wp\/v2\/product\/94634"}],"collection":[{"href":"https:\/\/rezekne.citro.lv\/ru\/wp-json\/wp\/v2\/product"}],"about":[{"href":"https:\/\/rezekne.citro.lv\/ru\/wp-json\/wp\/v2\/types\/product"}],"wp:attachment":[{"href":"https:\/\/rezekne.citro.lv\/ru\/wp-json\/wp\/v2\/media?parent=94634"}],"wp:term":[{"taxonomy":"product_cat","embeddable":true,"href":"https:\/\/rezekne.citro.lv\/ru\/wp-json\/wp\/v2\/product_cat?post=94634"},{"taxonomy":"product_tag","embeddable":true,"href":"https:\/\/rezekne.citro.lv\/ru\/wp-json\/wp\/v2\/product_tag?post=94634"}],"curies":[{"name":"wp","href":"https:\/\/api.w.org\/{rel}","templated":true}]}}