{"id":94641,"date":"2026-05-07T00:03:43","date_gmt":"2026-05-06T21:03:43","guid":{"rendered":"https:\/\/rezekne.citro.lv\/veikals\/cisini-berniem-cukgalas-300g-kgs\/"},"modified":"2026-05-17T06:02:06","modified_gmt":"2026-05-17T03:02:06","slug":"cisini-berniem-cukgalas-300g-kgs","status":"publish","type":"product","link":"https:\/\/rezekne.citro.lv\/ru\/product\/cisini-berniem-cukgalas-300g-kgs\/","title":{"rendered":"C\u012aSI\u0145I B\u0112RNIEM C\u016aKGA\u013bAS 300G KGS"},"content":{"rendered":"<p>Izcelsmes valsts: Latvija<\/p>\n","protected":false},"excerpt":{"rendered":"<p>7.97 \u20ac\/KG<\/p>\n","protected":false},"featured_media":0,"template":"","meta":{"_acf_changed":false,"inline_featured_image":false},"product_cat":[135,192],"product_tag":[],"acf":[],"aioseo_notices":[],"_links":{"self":[{"href":"https:\/\/rezekne.citro.lv\/ru\/wp-json\/wp\/v2\/product\/94641"}],"collection":[{"href":"https:\/\/rezekne.citro.lv\/ru\/wp-json\/wp\/v2\/product"}],"about":[{"href":"https:\/\/rezekne.citro.lv\/ru\/wp-json\/wp\/v2\/types\/product"}],"wp:attachment":[{"href":"https:\/\/rezekne.citro.lv\/ru\/wp-json\/wp\/v2\/media?parent=94641"}],"wp:term":[{"taxonomy":"product_cat","embeddable":true,"href":"https:\/\/rezekne.citro.lv\/ru\/wp-json\/wp\/v2\/product_cat?post=94641"},{"taxonomy":"product_tag","embeddable":true,"href":"https:\/\/rezekne.citro.lv\/ru\/wp-json\/wp\/v2\/product_tag?post=94641"}],"curies":[{"name":"wp","href":"https:\/\/api.w.org\/{rel}","templated":true}]}}