{"id":94644,"date":"2026-05-07T00:03:56","date_gmt":"2026-05-06T21:03:56","guid":{"rendered":"https:\/\/rezekne.citro.lv\/veikals\/siers-majas-alma-ar-skabo-krejumu-180g\/"},"modified":"2026-05-16T06:03:10","modified_gmt":"2026-05-16T03:03:10","slug":"siers-majas-alma-ar-skabo-krejumu-180g","status":"publish","type":"product","link":"https:\/\/rezekne.citro.lv\/ru\/product\/siers-majas-alma-ar-skabo-krejumu-180g\/","title":{"rendered":"SIERS M\u0100JAS ALMA AR SK\u0100BO KR\u0112JUMU 180G"},"content":{"rendered":"<p>Izcelsmes valsts: Igaunija<\/p>\n","protected":false},"excerpt":{"rendered":"<p>4.17 \u20ac\/KG<\/p>\n","protected":false},"featured_media":0,"template":"","meta":{"_acf_changed":false,"inline_featured_image":false},"product_cat":[95,96],"product_tag":[],"acf":[],"aioseo_notices":[],"_links":{"self":[{"href":"https:\/\/rezekne.citro.lv\/ru\/wp-json\/wp\/v2\/product\/94644"}],"collection":[{"href":"https:\/\/rezekne.citro.lv\/ru\/wp-json\/wp\/v2\/product"}],"about":[{"href":"https:\/\/rezekne.citro.lv\/ru\/wp-json\/wp\/v2\/types\/product"}],"wp:attachment":[{"href":"https:\/\/rezekne.citro.lv\/ru\/wp-json\/wp\/v2\/media?parent=94644"}],"wp:term":[{"taxonomy":"product_cat","embeddable":true,"href":"https:\/\/rezekne.citro.lv\/ru\/wp-json\/wp\/v2\/product_cat?post=94644"},{"taxonomy":"product_tag","embeddable":true,"href":"https:\/\/rezekne.citro.lv\/ru\/wp-json\/wp\/v2\/product_tag?post=94644"}],"curies":[{"name":"wp","href":"https:\/\/api.w.org\/{rel}","templated":true}]}}