{"id":94645,"date":"2026-05-07T00:03:56","date_gmt":"2026-05-06T21:03:56","guid":{"rendered":"https:\/\/rezekne.citro.lv\/veikals\/skinkis-cala-varits-klasiskais-skeles-90g-kekava\/"},"modified":"2026-05-09T06:03:14","modified_gmt":"2026-05-09T03:03:14","slug":"skinkis-cala-varits-klasiskais-skeles-90g-kekava","status":"publish","type":"product","link":"https:\/\/rezekne.citro.lv\/ru\/product\/skinkis-cala-varits-klasiskais-skeles-90g-kekava\/","title":{"rendered":"\u0160\u0136IN\u0136IS C\u0100\u013bA V\u0100R\u012aTS KLASISKAIS \u0160\u0136\u0112LES 90G \u0136EKAVA"},"content":{"rendered":"<p>Izcelsmes valsts: Lietuva<\/p>\n","protected":false},"excerpt":{"rendered":"<p>11.00 \u20ac\/KG<\/p>\n","protected":false},"featured_media":0,"template":"","meta":{"_acf_changed":false,"inline_featured_image":false},"product_cat":[135,174],"product_tag":[],"acf":[],"aioseo_notices":[],"_links":{"self":[{"href":"https:\/\/rezekne.citro.lv\/ru\/wp-json\/wp\/v2\/product\/94645"}],"collection":[{"href":"https:\/\/rezekne.citro.lv\/ru\/wp-json\/wp\/v2\/product"}],"about":[{"href":"https:\/\/rezekne.citro.lv\/ru\/wp-json\/wp\/v2\/types\/product"}],"wp:attachment":[{"href":"https:\/\/rezekne.citro.lv\/ru\/wp-json\/wp\/v2\/media?parent=94645"}],"wp:term":[{"taxonomy":"product_cat","embeddable":true,"href":"https:\/\/rezekne.citro.lv\/ru\/wp-json\/wp\/v2\/product_cat?post=94645"},{"taxonomy":"product_tag","embeddable":true,"href":"https:\/\/rezekne.citro.lv\/ru\/wp-json\/wp\/v2\/product_tag?post=94645"}],"curies":[{"name":"wp","href":"https:\/\/api.w.org\/{rel}","templated":true}]}}