{"id":94649,"date":"2026-05-07T00:04:02","date_gmt":"2026-05-06T21:04:02","guid":{"rendered":"https:\/\/rezekne.citro.lv\/veikals\/desinas-kupinatas-lauku-400g\/"},"modified":"2026-05-14T09:00:14","modified_gmt":"2026-05-14T06:00:14","slug":"desinas-kupinatas-lauku-400g","status":"publish","type":"product","link":"https:\/\/rezekne.citro.lv\/ru\/product\/desinas-kupinatas-lauku-400g\/","title":{"rendered":"DESI\u0145AS K\u016aPIN\u0100TAS LAUKU 400G"},"content":{"rendered":"<p>Izcelsmes valsts: Latvija<\/p>\n","protected":false},"excerpt":{"rendered":"<p>4.98 \u20ac\/KG<\/p>\n","protected":false},"featured_media":0,"template":"","meta":{"_acf_changed":false,"inline_featured_image":false},"product_cat":[135,177],"product_tag":[],"acf":[],"aioseo_notices":[],"_links":{"self":[{"href":"https:\/\/rezekne.citro.lv\/ru\/wp-json\/wp\/v2\/product\/94649"}],"collection":[{"href":"https:\/\/rezekne.citro.lv\/ru\/wp-json\/wp\/v2\/product"}],"about":[{"href":"https:\/\/rezekne.citro.lv\/ru\/wp-json\/wp\/v2\/types\/product"}],"wp:attachment":[{"href":"https:\/\/rezekne.citro.lv\/ru\/wp-json\/wp\/v2\/media?parent=94649"}],"wp:term":[{"taxonomy":"product_cat","embeddable":true,"href":"https:\/\/rezekne.citro.lv\/ru\/wp-json\/wp\/v2\/product_cat?post=94649"},{"taxonomy":"product_tag","embeddable":true,"href":"https:\/\/rezekne.citro.lv\/ru\/wp-json\/wp\/v2\/product_tag?post=94649"}],"curies":[{"name":"wp","href":"https:\/\/api.w.org\/{rel}","templated":true}]}}