{"id":94653,"date":"2026-05-07T00:04:02","date_gmt":"2026-05-06T21:04:02","guid":{"rendered":"https:\/\/rezekne.citro.lv\/veikals\/silkes-fileja-zigmas-matjes-bez-ellas-zigmas-190g\/"},"modified":"2026-05-16T06:03:19","modified_gmt":"2026-05-16T03:03:19","slug":"silkes-fileja-zigmas-matjes-bez-ellas-zigmas-190g","status":"publish","type":"product","link":"https:\/\/rezekne.citro.lv\/ru\/product\/silkes-fileja-zigmas-matjes-bez-ellas-zigmas-190g\/","title":{"rendered":"SI\u013b\u0136ES FILEJA ZIGMAS MATJES BEZ E\u013b\u013bAS ZIGMAS 190G"},"content":{"rendered":"<p>Izcelsmes valsts: Lietuva<\/p>\n","protected":false},"excerpt":{"rendered":"<p>9.42 \u20ac\/KG<\/p>\n","protected":false},"featured_media":0,"template":"","meta":{"_acf_changed":false,"inline_featured_image":false},"product_cat":[135,136],"product_tag":[],"acf":[],"aioseo_notices":[],"_links":{"self":[{"href":"https:\/\/rezekne.citro.lv\/ru\/wp-json\/wp\/v2\/product\/94653"}],"collection":[{"href":"https:\/\/rezekne.citro.lv\/ru\/wp-json\/wp\/v2\/product"}],"about":[{"href":"https:\/\/rezekne.citro.lv\/ru\/wp-json\/wp\/v2\/types\/product"}],"wp:attachment":[{"href":"https:\/\/rezekne.citro.lv\/ru\/wp-json\/wp\/v2\/media?parent=94653"}],"wp:term":[{"taxonomy":"product_cat","embeddable":true,"href":"https:\/\/rezekne.citro.lv\/ru\/wp-json\/wp\/v2\/product_cat?post=94653"},{"taxonomy":"product_tag","embeddable":true,"href":"https:\/\/rezekne.citro.lv\/ru\/wp-json\/wp\/v2\/product_tag?post=94653"}],"curies":[{"name":"wp","href":"https:\/\/api.w.org\/{rel}","templated":true}]}}