{"id":94654,"date":"2026-05-07T00:04:02","date_gmt":"2026-05-06T21:04:02","guid":{"rendered":"https:\/\/rezekne.citro.lv\/veikals\/skinkisi-vistas-atkauloti-klasiskaja-mar-kg-forevers\/"},"modified":"2026-05-13T09:00:10","modified_gmt":"2026-05-13T06:00:10","slug":"skinkisi-vistas-atkauloti-klasiskaja-mar-kg-forevers","status":"publish","type":"product","link":"https:\/\/rezekne.citro.lv\/ru\/product\/skinkisi-vistas-atkauloti-klasiskaja-mar-kg-forevers\/","title":{"rendered":"\u0160\u0136I\u0145\u0136\u012a\u0160I VISTAS ATKAULOTI KLASISKAJ\u0100 MAR.KG FOREVERS"},"content":{"rendered":"<p>Izcelsmes valsts: Latvija<\/p>\n","protected":false},"excerpt":{"rendered":"<p>4.99 \u20ac\/KG<\/p>\n","protected":false},"featured_media":0,"template":"","meta":{"_acf_changed":false,"inline_featured_image":false},"product_cat":[135,182],"product_tag":[],"acf":[],"aioseo_notices":[],"_links":{"self":[{"href":"https:\/\/rezekne.citro.lv\/ru\/wp-json\/wp\/v2\/product\/94654"}],"collection":[{"href":"https:\/\/rezekne.citro.lv\/ru\/wp-json\/wp\/v2\/product"}],"about":[{"href":"https:\/\/rezekne.citro.lv\/ru\/wp-json\/wp\/v2\/types\/product"}],"wp:attachment":[{"href":"https:\/\/rezekne.citro.lv\/ru\/wp-json\/wp\/v2\/media?parent=94654"}],"wp:term":[{"taxonomy":"product_cat","embeddable":true,"href":"https:\/\/rezekne.citro.lv\/ru\/wp-json\/wp\/v2\/product_cat?post=94654"},{"taxonomy":"product_tag","embeddable":true,"href":"https:\/\/rezekne.citro.lv\/ru\/wp-json\/wp\/v2\/product_tag?post=94654"}],"curies":[{"name":"wp","href":"https:\/\/api.w.org\/{rel}","templated":true}]}}