{"id":94658,"date":"2026-05-07T00:04:09","date_gmt":"2026-05-06T21:04:09","guid":{"rendered":"https:\/\/rezekne.citro.lv\/veikals\/galetes-bruno-risu-ar-grikiem-un-amarantas-seklam-120g\/"},"modified":"2026-05-15T15:00:10","modified_gmt":"2026-05-15T12:00:10","slug":"galetes-bruno-risu-ar-grikiem-un-amarantas-seklam-120g","status":"publish","type":"product","link":"https:\/\/rezekne.citro.lv\/ru\/product\/galetes-bruno-risu-ar-grikiem-un-amarantas-seklam-120g\/","title":{"rendered":"GALETES BR\u016aNO R\u012aSU AR GRI\u0136IEM UN AMARANTAS S\u0112KL\u0100M 120G"},"content":{"rendered":"<p>Izcelsmes valsts: Bulg\u0101rija<\/p>\n","protected":false},"excerpt":{"rendered":"<p>8.25 \u20ac\/KG<\/p>\n","protected":false},"featured_media":0,"template":"","meta":{"_acf_changed":false,"inline_featured_image":false},"product_cat":[215,563],"product_tag":[],"acf":[],"aioseo_notices":[],"_links":{"self":[{"href":"https:\/\/rezekne.citro.lv\/ru\/wp-json\/wp\/v2\/product\/94658"}],"collection":[{"href":"https:\/\/rezekne.citro.lv\/ru\/wp-json\/wp\/v2\/product"}],"about":[{"href":"https:\/\/rezekne.citro.lv\/ru\/wp-json\/wp\/v2\/types\/product"}],"wp:attachment":[{"href":"https:\/\/rezekne.citro.lv\/ru\/wp-json\/wp\/v2\/media?parent=94658"}],"wp:term":[{"taxonomy":"product_cat","embeddable":true,"href":"https:\/\/rezekne.citro.lv\/ru\/wp-json\/wp\/v2\/product_cat?post=94658"},{"taxonomy":"product_tag","embeddable":true,"href":"https:\/\/rezekne.citro.lv\/ru\/wp-json\/wp\/v2\/product_tag?post=94658"}],"curies":[{"name":"wp","href":"https:\/\/api.w.org\/{rel}","templated":true}]}}