{"id":94669,"date":"2026-05-14T00:02:16","date_gmt":"2026-05-13T21:02:16","guid":{"rendered":"https:\/\/rezekne.citro.lv\/veikals\/latgalesp-skabais-krejums-20-glaz-350g\/"},"modified":"2026-05-16T06:03:25","modified_gmt":"2026-05-16T03:03:25","slug":"latgalesp-skabais-krejums-20-glaz-350g","status":"publish","type":"product","link":"https:\/\/rezekne.citro.lv\/ru\/product\/latgalesp-skabais-krejums-20-glaz-350g\/","title":{"rendered":"LATGALESP SK\u0100BAIS KR\u0112JUMS 20% GL\u0100Z. 350G"},"content":{"rendered":"","protected":false},"excerpt":{"rendered":"<p>3.69 \u20ac\/KG<\/p>\n","protected":false},"featured_media":0,"template":"","meta":{"_acf_changed":false,"inline_featured_image":false},"product_cat":[95,150],"product_tag":[],"acf":[],"aioseo_notices":[],"_links":{"self":[{"href":"https:\/\/rezekne.citro.lv\/ru\/wp-json\/wp\/v2\/product\/94669"}],"collection":[{"href":"https:\/\/rezekne.citro.lv\/ru\/wp-json\/wp\/v2\/product"}],"about":[{"href":"https:\/\/rezekne.citro.lv\/ru\/wp-json\/wp\/v2\/types\/product"}],"wp:attachment":[{"href":"https:\/\/rezekne.citro.lv\/ru\/wp-json\/wp\/v2\/media?parent=94669"}],"wp:term":[{"taxonomy":"product_cat","embeddable":true,"href":"https:\/\/rezekne.citro.lv\/ru\/wp-json\/wp\/v2\/product_cat?post=94669"},{"taxonomy":"product_tag","embeddable":true,"href":"https:\/\/rezekne.citro.lv\/ru\/wp-json\/wp\/v2\/product_tag?post=94669"}],"curies":[{"name":"wp","href":"https:\/\/api.w.org\/{rel}","templated":true}]}}